{"id":19,"date":"2018-02-15T23:01:39","date_gmt":"2018-02-15T22:01:39","guid":{"rendered":"https:\/\/facturee%20.wpengine.com\/leistungen\/"},"modified":"2024-07-18T13:57:11","modified_gmt":"2024-07-18T11:57:11","slug":"services","status":"publish","type":"page","link":"https:\/\/www.facturee.de\/en\/leistungen\/","title":{"rendered":"Services"},"content":{"rendered":"<div data-elementor-type=\"wp-post\" data-elementor-id=\"19\" class=\"elementor elementor-19\" data-elementor-post-type=\"page\">\n\t\t\t\t\t\t<section class=\"elementor-section elementor-top-section elementor-element elementor-element-bdfb0cd elementor-section-boxed elementor-section-height-default elementor-section-height-default\" data-id=\"bdfb0cd\" data-element_type=\"section\" data-e-type=\"section\">\n\t\t\t\t\t\t<div class=\"elementor-container elementor-column-gap-default\">\n\t\t\t\t\t<div class=\"elementor-column elementor-col-100 elementor-top-column elementor-element elementor-element-a8bba31\" data-id=\"a8bba31\" data-element_type=\"column\" data-e-type=\"column\">\n\t\t\t<div class=\"elementor-widget-wrap elementor-element-populated\">\n\t\t\t\t\t\t<div class=\"elementor-element elementor-element-71c6c30 elementor-widget elementor-widget-heading\" data-id=\"71c6c30\" data-element_type=\"widget\" data-e-type=\"widget\" data-widget_type=\"heading.default\">\n\t\t\t\t<div class=\"elementor-widget-container\">\n\t\t\t\t\t<h1 class=\"elementor-heading-title elementor-size-default\">Services<\/h1>\t\t\t\t<\/div>\n\t\t\t\t<\/div>\n\t\t\t\t<div class=\"elementor-element elementor-element-df4e45b elementor-widget elementor-widget-heading\" data-id=\"df4e45b\" data-element_type=\"widget\" data-e-type=\"widget\" data-widget_type=\"heading.default\">\n\t\t\t\t<div class=\"elementor-widget-container\">\n\t\t\t\t\t<h2 class=\"elementor-heading-title elementor-size-default\">Manufacturing technologies<\/h2>\t\t\t\t<\/div>\n\t\t\t\t<\/div>\n\t\t\t\t<div class=\"elementor-element elementor-element-d238cbf elementor-widget elementor-widget-text-editor\" data-id=\"d238cbf\" data-element_type=\"widget\" data-e-type=\"widget\" data-widget_type=\"text-editor.default\">\n\t\t\t\t<div class=\"elementor-widget-container\">\n\t\t\t\t\t\t\t\t\t<ul>\n \t<li><a href=\"\/en\/services\/cnc-machining\/\">CNC machining<\/a><\/li>\n \t<li><a href=\"\/en\/services\/cnc-milling\/\">CNC-milling procedure<\/a>\n<ul>\n \t<li>3-axis milling<\/li>\n \t<li>5-axis milling<\/li>\n<\/ul>\n<\/li>\n \t<li><a href=\"\/en\/services\/cnc-turning\/\">CNC turning <\/a>\n<ul>\n \t<li>Bar turning<\/li>\n \t<li>Complete machining<\/li>\n<\/ul>\n<\/li>\n \t<li><a href=\"\/en\/services\/sheet-metal-processing\/\">Sheet metal processing<\/a>\n<ul>\n \t<li>CNC bending<\/li>\n \t<li>Laser cutting<\/li>\n \t<li>etc.<\/li>\n<\/ul>\n<\/li>\n \t<li>Molding &amp; Casting\n<ul>\n \t<li><a href=\"\/en\/services\/injection-molding\/\">Injection Molding<\/a><\/li>\n \t<li><a href=\"\/en\/services\/die-casting\/\">Die Casting<\/a><\/li>\n \t<li>Vacuum Casting<\/li>\n<\/ul>\n<\/li>\n \t<li><a href=\"\/en\/services\/3d-printing\/\">3D printing<\/a><\/li>\n<\/ul>\t\t\t\t\t\t\t\t<\/div>\n\t\t\t\t<\/div>\n\t\t\t\t<div class=\"elementor-element elementor-element-4786377 elementor-widget elementor-widget-heading\" data-id=\"4786377\" data-element_type=\"widget\" data-e-type=\"widget\" data-widget_type=\"heading.default\">\n\t\t\t\t<div class=\"elementor-widget-container\">\n\t\t\t\t\t<h2 class=\"elementor-heading-title elementor-size-default\"><a href=\"https:\/\/www.facturee.de\/en\/services\/surface-finishes\/\">Surface treatments<\/a><\/h2>\t\t\t\t<\/div>\n\t\t\t\t<\/div>\n\t\t\t\t<div class=\"elementor-element elementor-element-58260f8 elementor-widget elementor-widget-text-editor\" data-id=\"58260f8\" data-element_type=\"widget\" data-e-type=\"widget\" data-widget_type=\"text-editor.default\">\n\t\t\t\t<div class=\"elementor-widget-container\">\n\t\t\t\t\t\t\t\t\t<ul><li>Mechanical finishes<ul><li>Grinding &amp; polishing<\/li><li>Sandblasting &amp; glass bead blasting<\/li><li>Engraving<\/li><\/ul><\/li><li>Heat treatments<ul><li>Gas nitriding<\/li><li>Plasma nitriding<\/li><li>Hardening<\/li><\/ul><\/li><li>Electroplating<ul><li>Black finishing<\/li><li>Anodizing<\/li><li>Galvanizing (zinc plating)<\/li><li>Passivating<\/li><\/ul><\/li><\/ul>\t\t\t\t\t\t\t\t<\/div>\n\t\t\t\t<\/div>\n\t\t\t\t\t<\/div>\n\t\t<\/div>\n\t\t\t\t\t<\/div>\n\t\t<\/section>\n\t\t\t\t<\/div>","protected":false},"excerpt":{"rendered":"<p>Leistungen Fertigungstechniken CNC-Bearbeitung CNC-Fr\u00e4sen 3-Achs-Fr\u00e4sen 5-Achs-Fr\u00e4sen CNC-Drehen Automatendrehen Komplettbearbeitung Blechbearbeitung CNC-Biegen Lasercutting u.v.m. Guss Spritzguss Druckguss Vakuumguss 3D-Druck Oberfl\u00e4chenbehandlungen Mechanische [&hellip;]<\/p>\n","protected":false},"author":4,"featured_media":0,"parent":0,"menu_order":14,"comment_status":"closed","ping_status":"closed","template":"","meta":{"footnotes":""},"class_list":["post-19","page","type-page","status-publish","hentry"],"yoast_head":"<!-- This site is optimized with the Yoast SEO Premium plugin v26.1 (Yoast SEO v27.3) - https:\/\/yoast.com\/product\/yoast-seo-premium-wordpress\/ -->\n<title>Leistungen | FACTUREE \u2013 Der Online-Fertiger<\/title>\n<meta name=\"robots\" content=\"index, follow, max-snippet:-1, max-image-preview:large, max-video-preview:-1\" \/>\n<link rel=\"canonical\" href=\"https:\/\/www.facturee.de\/en\/services\/\" \/>\n<meta property=\"og:locale\" content=\"en_US\" \/>\n<meta property=\"og:type\" content=\"article\" \/>\n<meta property=\"og:title\" content=\"Leistungen\" \/>\n<meta property=\"og:description\" content=\"Leistungen Fertigungstechniken CNC-Bearbeitung CNC-Fr\u00e4sen 3-Achs-Fr\u00e4sen 5-Achs-Fr\u00e4sen CNC-Drehen Automatendrehen Komplettbearbeitung Blechbearbeitung CNC-Biegen Lasercutting u.v.m. Guss Spritzguss Druckguss Vakuumguss 3D-Druck Oberfl\u00e4chenbehandlungen Mechanische [&hellip;]\" \/>\n<meta property=\"og:url\" content=\"https:\/\/www.facturee.de\/en\/services\/\" \/>\n<meta property=\"og:site_name\" content=\"FACTUREE\" \/>\n<meta property=\"article:publisher\" content=\"https:\/\/www.facebook.com\/FACTUREE\/\" \/>\n<meta property=\"article:modified_time\" content=\"2024-07-18T11:57:11+00:00\" \/>\n<meta property=\"og:image\" content=\"https:\/\/www.facturee.de\/wp-content\/uploads\/Facturee-Logo-1.png\" \/>\n\t<meta property=\"og:image:width\" content=\"1200\" \/>\n\t<meta property=\"og:image:height\" content=\"300\" \/>\n\t<meta property=\"og:image:type\" content=\"image\/png\" \/>\n<meta name=\"twitter:card\" content=\"summary_large_image\" \/>\n<meta name=\"twitter:site\" content=\"@FACTUREE_de\" \/>\n<script type=\"application\/ld+json\" class=\"yoast-schema-graph\">{\"@context\":\"https:\\\/\\\/schema.org\",\"@graph\":[{\"@type\":\"WebPage\",\"@id\":\"https:\\\/\\\/www.facturee.de\\\/leistungen\\\/\",\"url\":\"https:\\\/\\\/www.facturee.de\\\/leistungen\\\/\",\"name\":\"Leistungen | FACTUREE \u2013 Der Online-Fertiger\",\"isPartOf\":{\"@id\":\"https:\\\/\\\/www.facturee.de\\\/#website\"},\"datePublished\":\"2018-02-15T22:01:39+00:00\",\"dateModified\":\"2024-07-18T11:57:11+00:00\",\"breadcrumb\":{\"@id\":\"https:\\\/\\\/www.facturee.de\\\/leistungen\\\/#breadcrumb\"},\"inLanguage\":\"en-US\",\"potentialAction\":[{\"@type\":\"ReadAction\",\"target\":[\"https:\\\/\\\/www.facturee.de\\\/leistungen\\\/\"]}]},{\"@type\":\"BreadcrumbList\",\"@id\":\"https:\\\/\\\/www.facturee.de\\\/leistungen\\\/#breadcrumb\",\"itemListElement\":[{\"@type\":\"ListItem\",\"position\":1,\"name\":\"Startseite\",\"item\":\"https:\\\/\\\/www.facturee.de\\\/\"},{\"@type\":\"ListItem\",\"position\":2,\"name\":\"Leistungen\"}]},{\"@type\":\"WebSite\",\"@id\":\"https:\\\/\\\/www.facturee.de\\\/#website\",\"url\":\"https:\\\/\\\/www.facturee.de\\\/\",\"name\":\"FACTUREE\",\"description\":\"Der Online-Fertiger\",\"publisher\":{\"@id\":\"https:\\\/\\\/www.facturee.de\\\/#organization\"},\"potentialAction\":[{\"@type\":\"SearchAction\",\"target\":{\"@type\":\"EntryPoint\",\"urlTemplate\":\"https:\\\/\\\/www.facturee.de\\\/?s={search_term_string}\"},\"query-input\":{\"@type\":\"PropertyValueSpecification\",\"valueRequired\":true,\"valueName\":\"search_term_string\"}}],\"inLanguage\":\"en-US\"},{\"@type\":\"Organization\",\"@id\":\"https:\\\/\\\/www.facturee.de\\\/#organization\",\"name\":\"FACTUREE - Der Online Fertiger\",\"alternateName\":\"FACTUREE - der Online-Fertiger\",\"url\":\"https:\\\/\\\/www.facturee.de\\\/\",\"logo\":{\"@type\":\"ImageObject\",\"inLanguage\":\"en-US\",\"@id\":\"https:\\\/\\\/www.facturee.de\\\/#\\\/schema\\\/logo\\\/image\\\/\",\"url\":\"https:\\\/\\\/www.facturee.de\\\/wp-content\\\/uploads\\\/facturee-2000px.webp\",\"contentUrl\":\"https:\\\/\\\/www.facturee.de\\\/wp-content\\\/uploads\\\/facturee-2000px.webp\",\"width\":2000,\"height\":470,\"caption\":\"FACTUREE - Der Online Fertiger\"},\"image\":{\"@id\":\"https:\\\/\\\/www.facturee.de\\\/#\\\/schema\\\/logo\\\/image\\\/\"},\"sameAs\":[\"https:\\\/\\\/www.facebook.com\\\/FACTUREE\\\/\",\"https:\\\/\\\/x.com\\\/FACTUREE_de\",\"https:\\\/\\\/www.linkedin.com\\\/company\\\/12655397\\\/admin\\\/feed\\\/posts\\\/\",\"https:\\\/\\\/www.xing.com\\\/pages\\\/facturee-deronline-fertiger\"],\"email\":\"info@facturee.de\",\"telephone\":\"03062939390\",\"numberOfEmployees\":{\"@type\":\"QuantitativeValue\",\"minValue\":\"51\",\"maxValue\":\"200\"}}]}<\/script>\n<!-- \/ Yoast SEO Premium plugin. -->","yoast_head_json":{"title":"Services | FACTUREE \u2013 The Online-Manufacturer","robots":{"index":"index","follow":"follow","max-snippet":"max-snippet:-1","max-image-preview":"max-image-preview:large","max-video-preview":"max-video-preview:-1"},"canonical":"https:\/\/www.facturee.de\/en\/services\/","og_locale":"en_US","og_type":"article","og_title":"Leistungen","og_description":"Leistungen Fertigungstechniken CNC-Bearbeitung CNC-Fr\u00e4sen 3-Achs-Fr\u00e4sen 5-Achs-Fr\u00e4sen CNC-Drehen Automatendrehen Komplettbearbeitung Blechbearbeitung CNC-Biegen Lasercutting u.v.m. Guss Spritzguss Druckguss Vakuumguss 3D-Druck Oberfl\u00e4chenbehandlungen Mechanische [&hellip;]","og_url":"https:\/\/www.facturee.de\/en\/services\/","og_site_name":"FACTUREE","article_publisher":"https:\/\/www.facebook.com\/FACTUREE\/","article_modified_time":"2024-07-18T11:57:11+00:00","og_image":[{"width":1200,"height":300,"url":"https:\/\/www.facturee.de\/wp-content\/uploads\/Facturee-Logo-1.png","type":"image\/png"}],"twitter_card":"summary_large_image","twitter_site":"@FACTUREE_de","schema":{"@context":"https:\/\/schema.org","@graph":[{"@type":"WebPage","@id":"https:\/\/www.facturee.de\/leistungen\/","url":"https:\/\/www.facturee.de\/leistungen\/","name":"Services | FACTUREE \u2013 The Online-Manufacturer","isPartOf":{"@id":"https:\/\/www.facturee.de\/#website"},"datePublished":"2018-02-15T22:01:39+00:00","dateModified":"2024-07-18T11:57:11+00:00","breadcrumb":{"@id":"https:\/\/www.facturee.de\/leistungen\/#breadcrumb"},"inLanguage":"en-US","potentialAction":[{"@type":"ReadAction","target":["https:\/\/www.facturee.de\/leistungen\/"]}]},{"@type":"BreadcrumbList","@id":"https:\/\/www.facturee.de\/leistungen\/#breadcrumb","itemListElement":[{"@type":"ListItem","position":1,"name":"Startseite","item":"https:\/\/www.facturee.de\/"},{"@type":"ListItem","position":2,"name":"Leistungen"}]},{"@type":"WebSite","@id":"https:\/\/www.facturee.de\/#website","url":"https:\/\/www.facturee.de\/","name":"FACTUREE","description":"The Online Manufacturer","publisher":{"@id":"https:\/\/www.facturee.de\/#organization"},"potentialAction":[{"@type":"SearchAction","target":{"@type":"EntryPoint","urlTemplate":"https:\/\/www.facturee.de\/?s={search_term_string}"},"query-input":{"@type":"PropertyValueSpecification","valueRequired":true,"valueName":"search_term_string"}}],"inLanguage":"en-US"},{"@type":"Organization","@id":"https:\/\/www.facturee.de\/#organization","name":"FACTUREE - The online paver","alternateName":"FACTUREE - der Online-Fertiger","url":"https:\/\/www.facturee.de\/","logo":{"@type":"ImageObject","inLanguage":"en-US","@id":"https:\/\/www.facturee.de\/#\/schema\/logo\/image\/","url":"https:\/\/www.facturee.de\/wp-content\/uploads\/facturee-2000px.webp","contentUrl":"https:\/\/www.facturee.de\/wp-content\/uploads\/facturee-2000px.webp","width":2000,"height":470,"caption":"FACTUREE - Der Online Fertiger"},"image":{"@id":"https:\/\/www.facturee.de\/#\/schema\/logo\/image\/"},"sameAs":["https:\/\/www.facebook.com\/FACTUREE\/","https:\/\/x.com\/FACTUREE_de","https:\/\/www.linkedin.com\/company\/12655397\/admin\/feed\/posts\/","https:\/\/www.xing.com\/pages\/facturee-deronline-fertiger"],"email":"info@facturee.de","telephone":"03062939390","numberOfEmployees":{"@type":"QuantitativeValue","minValue":"51","maxValue":"200"}}]}},"_links":{"self":[{"href":"https:\/\/www.facturee.de\/en\/wp-json\/wp\/v2\/pages\/19","targetHints":{"allow":["GET"]}}],"collection":[{"href":"https:\/\/www.facturee.de\/en\/wp-json\/wp\/v2\/pages"}],"about":[{"href":"https:\/\/www.facturee.de\/en\/wp-json\/wp\/v2\/types\/page"}],"author":[{"embeddable":true,"href":"https:\/\/www.facturee.de\/en\/wp-json\/wp\/v2\/users\/4"}],"replies":[{"embeddable":true,"href":"https:\/\/www.facturee.de\/en\/wp-json\/wp\/v2\/comments?post=19"}],"version-history":[{"count":0,"href":"https:\/\/www.facturee.de\/en\/wp-json\/wp\/v2\/pages\/19\/revisions"}],"wp:attachment":[{"href":"https:\/\/www.facturee.de\/en\/wp-json\/wp\/v2\/media?parent=19"}],"curies":[{"name":"wp","href":"https:\/\/api.w.org\/{rel}","templated":true}]}}