{"id":25,"date":"2018-02-15T23:01:39","date_gmt":"2018-02-15T22:01:39","guid":{"rendered":"https:\/\/facturee%20.wpengine.com\/impressum\/"},"modified":"2024-02-20T14:46:57","modified_gmt":"2024-02-20T13:46:57","slug":"mentions-legales","status":"publish","type":"page","link":"https:\/\/www.facturee.de\/fr\/impressum\/","title":{"rendered":"Mentions l\u00e9gales"},"content":{"rendered":"<div data-elementor-type=\"wp-post\" data-elementor-id=\"25\" class=\"elementor elementor-25\" data-elementor-post-type=\"page\">\n\t\t\t\t\t\t<section class=\"elementor-section elementor-top-section elementor-element elementor-element-25213f0 elementor-section-boxed elementor-section-height-default elementor-section-height-default\" data-id=\"25213f0\" data-element_type=\"section\" data-e-type=\"section\">\n\t\t\t\t\t\t<div class=\"elementor-container elementor-column-gap-default\">\n\t\t\t\t\t<div class=\"elementor-column elementor-col-100 elementor-top-column elementor-element elementor-element-d89a984\" data-id=\"d89a984\" data-element_type=\"column\" data-e-type=\"column\">\n\t\t\t<div class=\"elementor-widget-wrap elementor-element-populated\">\n\t\t\t\t\t\t<div class=\"elementor-element elementor-element-89892ad elementor-widget elementor-widget-text-editor\" data-id=\"89892ad\" data-element_type=\"widget\" data-e-type=\"widget\" data-widget_type=\"text-editor.default\">\n\t\t\t\t<div class=\"elementor-widget-container\">\n\t\t\t\t\t\t\t\t\t<div title=\"Page 1\">\n<div title=\"Page 1\">\n<div>\n<h1><strong>Mentions l\u00e9gales<\/strong><\/h1>\n<p><strong>Informations conform\u00e9ment \u00e0 l'article 5 TMG (loi allemande sur les t\u00e9l\u00e9m\u00e9dias):<\/strong><\/p>\n<p>cwmk GmbH<br>Rue d'Oudenard 16<br>13347 Berlin<br>Allemagne<\/p>\n<\/div>\n<p>Tribunal d'enregistrement: Tribunal d'instance de Berlin-Charlottenburg<br>Num\u00e9ro d'enregistrement: HRB 188617<\/p>\n<p>Num\u00e9ro de TVA intracommunautaire : DE-312928916<\/p>\n<p>Directeurs g\u00e9n\u00e9raux:<\/p>\n<p>Moritz K\u00f6nig<br>Christopher Walzel<\/p>\n<div>\n<p>Contact:<\/p>\n<p>Adresse \u00e9lectronique : <a href=\"mailto:info@facturee.de\">info@facturee.de<\/a><br>T\u00e9l\u00e9phone: <a href=\"tel:+493062939390\">+49 30 629 3939-0<\/a><br>Fax: <a href=\"tel:+4930629393950\">+49 30 629 3939-50<\/a><\/p>\n<\/div>\n<h2>&nbsp;<\/h2>\n<h2>Informations sur les assurances<\/h2>\n<h4><span style=\"font-weight: 400;\">Type d'assurance:&nbsp;<\/span><\/h4>\n<p>Responsabilit\u00e9 professionnelle et \u00e9tendue des produits<\/p>\n<p>Nom et si\u00e8ge social de la soci\u00e9t\u00e9:<br>Alliance<br>28, rue de la Reine<br>80802 M\u00fcnchen \/ Allemagne<\/p>\n<\/div>\n<\/div>\n<div title=\"Page 2\">\n<div>\n<div title=\"Page 1\">\n<div>\n<div>\n<h2>&nbsp;<\/h2>\n<h2>Responsabilit\u00e9 du contenu<\/h2>\n<p>En tant que prestataire de services, nous sommes responsables de nos propres contenus sur ces pages, conform\u00e9ment \u00e0 l'article 7, paragraphe 1, de la loi allemande sur les t\u00e9l\u00e9m\u00e9dias (TMG) et aux lois g\u00e9n\u00e9rales. Conform\u00e9ment aux articles 8 \u00e0 10 de la TMG, nous ne sommes pas tenus de surveiller les informations transmises ou stock\u00e9es par des tiers ni d'enqu\u00eater sur les circonstances qui indiquent une activit\u00e9 ill\u00e9gale.<\/p>\n<p>Les obligations de supprimer ou de bloquer l'utilisation des informations conform\u00e9ment aux lois g\u00e9n\u00e9rales ne sont pas affect\u00e9es par cette disposition. Toutefois, la responsabilit\u00e9 \u00e0 cet \u00e9gard n'est possible qu'\u00e0 partir du moment o\u00f9 l'on a connaissance d'une infraction concr\u00e8te. Si nous avons connaissance de telles infractions, nous retirerons imm\u00e9diatement le contenu en question.<\/p>\n<\/div>\n<\/div>\n<\/div>\n<div>\n<h2>&nbsp;<\/h2>\n<h2>Responsabilit\u00e9 des liens<\/h2>\n<p>Notre offre contient des liens vers des sites web externes de tiers, sur le contenu desquels nous n'avons aucune influence. C'est pourquoi nous ne pouvons assumer aucune responsabilit\u00e9 pour ces contenus externes. Le fournisseur ou l'exploitant de ces sites est toujours responsable du contenu des sites li\u00e9s. Les pages li\u00e9es ont \u00e9t\u00e9 v\u00e9rifi\u00e9es au moment de la mise en place du lien afin de d\u00e9tecter d'\u00e9ventuelles violations de la loi. Les contenus ill\u00e9gaux n'ont pas \u00e9t\u00e9 identifi\u00e9s au moment de la cr\u00e9ation du lien.<\/p>\n<p>Toutefois, un contr\u00f4le permanent du contenu des pages li\u00e9es n'est pas raisonnable sans preuve concr\u00e8te d'une violation de la loi. Si nous avons connaissance d'infractions, nous supprimerons imm\u00e9diatement ces liens.<\/p>\n<h2>&nbsp;<\/h2>\n<h2>Droit d'auteur<\/h2>\n<p>Les contenus et les \u0153uvres de ces pages cr\u00e9\u00e9s par les op\u00e9rateurs du site sont soumis \u00e0 la loi allemande sur le droit d'auteur. La reproduction, l'\u00e9dition, la distribution et tout type d'utilisation en dehors des limites du droit d'auteur n\u00e9cessitent le consentement \u00e9crit de l'auteur ou du cr\u00e9ateur respectif. Les t\u00e9l\u00e9chargements et les copies de ces pages ne sont autoris\u00e9s que pour un usage priv\u00e9 et non commercial.<\/p>\n<p>Dans la mesure o\u00f9 le contenu de ce site n'a pas \u00e9t\u00e9 cr\u00e9\u00e9 par l'op\u00e9rateur, les droits d'auteur de tiers sont respect\u00e9s. En particulier, les contenus de tiers sont identifi\u00e9s comme tels. Si vous avez n\u00e9anmoins connaissance d'une violation du droit d'auteur, veuillez nous en informer. Si nous avons connaissance d'une infraction, nous retirerons imm\u00e9diatement ces contenus.<\/p>\n<\/div>\n<\/div>\n<\/div>\t\t\t\t\t\t\t\t<\/div>\n\t\t\t\t<\/div>\n\t\t\t\t\t<\/div>\n\t\t<\/div>\n\t\t\t\t\t<\/div>\n\t\t<\/section>\n\t\t\t\t<\/div>","protected":false},"excerpt":{"rendered":"<p>Impressum Angaben gem\u00e4\u00df \u00a7 5 TMG: cwmk GmbHOudenarder Str. 1613347 BerlinDeutschland Registergericht: Amtsgericht Berlin-CharlottenburgRegisternummer: HRB 188617 Umsatzsteuer-ID:&nbsp;DE-312928916 Gesch\u00e4ftsf\u00fchrer: Moritz K\u00f6nigChristopher [&hellip;]<\/p>\n","protected":false},"author":4,"featured_media":0,"parent":0,"menu_order":24,"comment_status":"closed","ping_status":"closed","template":"","meta":{"footnotes":""},"class_list":["post-25","page","type-page","status-publish","hentry"],"yoast_head":"<!-- This site is optimized with the Yoast SEO Premium plugin v26.1 (Yoast SEO v27.3) - https:\/\/yoast.com\/product\/yoast-seo-premium-wordpress\/ -->\n<title>Impressum | FACTUREE \u2013 Der Online-Fertiger \/ cwmk GmbH<\/title>\n<meta name=\"robots\" content=\"index, follow, max-snippet:-1, max-image-preview:large, max-video-preview:-1\" \/>\n<link rel=\"canonical\" href=\"https:\/\/www.facturee.de\/fr\/mentions-legales\/\" \/>\n<meta property=\"og:locale\" content=\"fr_FR\" \/>\n<meta property=\"og:type\" content=\"article\" \/>\n<meta property=\"og:title\" content=\"Impressum\" \/>\n<meta property=\"og:description\" content=\"Impressum Angaben gem\u00e4\u00df \u00a7 5 TMG: cwmk GmbHOudenarder Str. 1613347 BerlinDeutschland Registergericht: Amtsgericht Berlin-CharlottenburgRegisternummer: HRB 188617 Umsatzsteuer-ID:&nbsp;DE-312928916 Gesch\u00e4ftsf\u00fchrer: Moritz K\u00f6nigChristopher [&hellip;]\" \/>\n<meta property=\"og:url\" content=\"https:\/\/www.facturee.de\/fr\/mentions-legales\/\" \/>\n<meta property=\"og:site_name\" content=\"FACTUREE\" \/>\n<meta property=\"article:publisher\" content=\"https:\/\/www.facebook.com\/FACTUREE\/\" \/>\n<meta property=\"article:modified_time\" content=\"2024-02-20T13:46:57+00:00\" \/>\n<meta property=\"og:image\" content=\"https:\/\/www.facturee.de\/wp-content\/uploads\/Facturee-Logo-1.png\" \/>\n\t<meta property=\"og:image:width\" content=\"1200\" \/>\n\t<meta property=\"og:image:height\" content=\"300\" \/>\n\t<meta property=\"og:image:type\" content=\"image\/png\" \/>\n<meta name=\"twitter:card\" content=\"summary_large_image\" \/>\n<meta name=\"twitter:site\" content=\"@FACTUREE_de\" \/>\n<script type=\"application\/ld+json\" class=\"yoast-schema-graph\">{\"@context\":\"https:\\\/\\\/schema.org\",\"@graph\":[{\"@type\":\"WebPage\",\"@id\":\"https:\\\/\\\/www.facturee.de\\\/impressum\\\/\",\"url\":\"https:\\\/\\\/www.facturee.de\\\/impressum\\\/\",\"name\":\"Impressum | FACTUREE \u2013 Der Online-Fertiger \\\/ cwmk GmbH\",\"isPartOf\":{\"@id\":\"https:\\\/\\\/www.facturee.de\\\/#website\"},\"datePublished\":\"2018-02-15T22:01:39+00:00\",\"dateModified\":\"2024-02-20T13:46:57+00:00\",\"breadcrumb\":{\"@id\":\"https:\\\/\\\/www.facturee.de\\\/impressum\\\/#breadcrumb\"},\"inLanguage\":\"fr-FR\",\"potentialAction\":[{\"@type\":\"ReadAction\",\"target\":[\"https:\\\/\\\/www.facturee.de\\\/impressum\\\/\"]}]},{\"@type\":\"BreadcrumbList\",\"@id\":\"https:\\\/\\\/www.facturee.de\\\/impressum\\\/#breadcrumb\",\"itemListElement\":[{\"@type\":\"ListItem\",\"position\":1,\"name\":\"Startseite\",\"item\":\"https:\\\/\\\/www.facturee.de\\\/\"},{\"@type\":\"ListItem\",\"position\":2,\"name\":\"Impressum\"}]},{\"@type\":\"WebSite\",\"@id\":\"https:\\\/\\\/www.facturee.de\\\/#website\",\"url\":\"https:\\\/\\\/www.facturee.de\\\/\",\"name\":\"FACTUREE\",\"description\":\"Der Online-Fertiger\",\"publisher\":{\"@id\":\"https:\\\/\\\/www.facturee.de\\\/#organization\"},\"potentialAction\":[{\"@type\":\"SearchAction\",\"target\":{\"@type\":\"EntryPoint\",\"urlTemplate\":\"https:\\\/\\\/www.facturee.de\\\/?s={search_term_string}\"},\"query-input\":{\"@type\":\"PropertyValueSpecification\",\"valueRequired\":true,\"valueName\":\"search_term_string\"}}],\"inLanguage\":\"fr-FR\"},{\"@type\":\"Organization\",\"@id\":\"https:\\\/\\\/www.facturee.de\\\/#organization\",\"name\":\"FACTUREE - Der Online Fertiger\",\"alternateName\":\"FACTUREE - der Online-Fertiger\",\"url\":\"https:\\\/\\\/www.facturee.de\\\/\",\"logo\":{\"@type\":\"ImageObject\",\"inLanguage\":\"fr-FR\",\"@id\":\"https:\\\/\\\/www.facturee.de\\\/#\\\/schema\\\/logo\\\/image\\\/\",\"url\":\"https:\\\/\\\/www.facturee.de\\\/wp-content\\\/uploads\\\/facturee-2000px.webp\",\"contentUrl\":\"https:\\\/\\\/www.facturee.de\\\/wp-content\\\/uploads\\\/facturee-2000px.webp\",\"width\":2000,\"height\":470,\"caption\":\"FACTUREE - Der Online Fertiger\"},\"image\":{\"@id\":\"https:\\\/\\\/www.facturee.de\\\/#\\\/schema\\\/logo\\\/image\\\/\"},\"sameAs\":[\"https:\\\/\\\/www.facebook.com\\\/FACTUREE\\\/\",\"https:\\\/\\\/x.com\\\/FACTUREE_de\",\"https:\\\/\\\/www.linkedin.com\\\/company\\\/12655397\\\/admin\\\/feed\\\/posts\\\/\",\"https:\\\/\\\/www.xing.com\\\/pages\\\/facturee-deronline-fertiger\"],\"email\":\"info@facturee.de\",\"telephone\":\"03062939390\",\"numberOfEmployees\":{\"@type\":\"QuantitativeValue\",\"minValue\":\"51\",\"maxValue\":\"200\"}}]}<\/script>\n<!-- \/ Yoast SEO Premium plugin. -->","yoast_head_json":{"title":"Mentions l\u00e9gales | FACTUREE \u2013 Le Fabricant en Ligne |\u00a0cwmk GmbH","robots":{"index":"index","follow":"follow","max-snippet":"max-snippet:-1","max-image-preview":"max-image-preview:large","max-video-preview":"max-video-preview:-1"},"canonical":"https:\/\/www.facturee.de\/fr\/mentions-legales\/","og_locale":"fr_FR","og_type":"article","og_title":"Impressum","og_description":"Impressum Angaben gem\u00e4\u00df \u00a7 5 TMG: cwmk GmbHOudenarder Str. 1613347 BerlinDeutschland Registergericht: Amtsgericht Berlin-CharlottenburgRegisternummer: HRB 188617 Umsatzsteuer-ID:&nbsp;DE-312928916 Gesch\u00e4ftsf\u00fchrer: Moritz K\u00f6nigChristopher [&hellip;]","og_url":"https:\/\/www.facturee.de\/fr\/mentions-legales\/","og_site_name":"FACTUREE","article_publisher":"https:\/\/www.facebook.com\/FACTUREE\/","article_modified_time":"2024-02-20T13:46:57+00:00","og_image":[{"width":1200,"height":300,"url":"https:\/\/www.facturee.de\/wp-content\/uploads\/Facturee-Logo-1.png","type":"image\/png"}],"twitter_card":"summary_large_image","twitter_site":"@FACTUREE_de","schema":{"@context":"https:\/\/schema.org","@graph":[{"@type":"WebPage","@id":"https:\/\/www.facturee.de\/impressum\/","url":"https:\/\/www.facturee.de\/impressum\/","name":"Mentions l\u00e9gales | FACTUREE \u2013 Le Fabricant en Ligne |\u00a0cwmk GmbH","isPartOf":{"@id":"https:\/\/www.facturee.de\/#website"},"datePublished":"2018-02-15T22:01:39+00:00","dateModified":"2024-02-20T13:46:57+00:00","breadcrumb":{"@id":"https:\/\/www.facturee.de\/impressum\/#breadcrumb"},"inLanguage":"fr-FR","potentialAction":[{"@type":"ReadAction","target":["https:\/\/www.facturee.de\/impressum\/"]}]},{"@type":"BreadcrumbList","@id":"https:\/\/www.facturee.de\/impressum\/#breadcrumb","itemListElement":[{"@type":"ListItem","position":1,"name":"Startseite","item":"https:\/\/www.facturee.de\/"},{"@type":"ListItem","position":2,"name":"Impressum"}]},{"@type":"WebSite","@id":"https:\/\/www.facturee.de\/#website","url":"https:\/\/www.facturee.de\/","name":"FACTUREE","description":"Le Fabricante en Ligne","publisher":{"@id":"https:\/\/www.facturee.de\/#organization"},"potentialAction":[{"@type":"SearchAction","target":{"@type":"EntryPoint","urlTemplate":"https:\/\/www.facturee.de\/?s={search_term_string}"},"query-input":{"@type":"PropertyValueSpecification","valueRequired":true,"valueName":"search_term_string"}}],"inLanguage":"fr-FR"},{"@type":"Organization","@id":"https:\/\/www.facturee.de\/#organization","name":"FACTUREE - Le fabricant en ligne","alternateName":"FACTUREE - der Online-Fertiger","url":"https:\/\/www.facturee.de\/","logo":{"@type":"ImageObject","inLanguage":"fr-FR","@id":"https:\/\/www.facturee.de\/#\/schema\/logo\/image\/","url":"https:\/\/www.facturee.de\/wp-content\/uploads\/facturee-2000px.webp","contentUrl":"https:\/\/www.facturee.de\/wp-content\/uploads\/facturee-2000px.webp","width":2000,"height":470,"caption":"FACTUREE - Der Online Fertiger"},"image":{"@id":"https:\/\/www.facturee.de\/#\/schema\/logo\/image\/"},"sameAs":["https:\/\/www.facebook.com\/FACTUREE\/","https:\/\/x.com\/FACTUREE_de","https:\/\/www.linkedin.com\/company\/12655397\/admin\/feed\/posts\/","https:\/\/www.xing.com\/pages\/facturee-deronline-fertiger"],"email":"info@facturee.de","telephone":"03062939390","numberOfEmployees":{"@type":"QuantitativeValue","minValue":"51","maxValue":"200"}}]}},"_links":{"self":[{"href":"https:\/\/www.facturee.de\/fr\/wp-json\/wp\/v2\/pages\/25","targetHints":{"allow":["GET"]}}],"collection":[{"href":"https:\/\/www.facturee.de\/fr\/wp-json\/wp\/v2\/pages"}],"about":[{"href":"https:\/\/www.facturee.de\/fr\/wp-json\/wp\/v2\/types\/page"}],"author":[{"embeddable":true,"href":"https:\/\/www.facturee.de\/fr\/wp-json\/wp\/v2\/users\/4"}],"replies":[{"embeddable":true,"href":"https:\/\/www.facturee.de\/fr\/wp-json\/wp\/v2\/comments?post=25"}],"version-history":[{"count":0,"href":"https:\/\/www.facturee.de\/fr\/wp-json\/wp\/v2\/pages\/25\/revisions"}],"wp:attachment":[{"href":"https:\/\/www.facturee.de\/fr\/wp-json\/wp\/v2\/media?parent=25"}],"curies":[{"name":"wp","href":"https:\/\/api.w.org\/{rel}","templated":true}]}}